{"id":1086,"date":"2015-11-11T21:30:09","date_gmt":"2015-11-11T20:30:09","guid":{"rendered":"http:\/\/dzunglica.com\/wordpress\/?page_id=1086"},"modified":"2015-11-12T13:40:32","modified_gmt":"2015-11-12T12:40:32","slug":"organizacija-svih-vrsta-proslava","status":"publish","type":"page","link":"https:\/\/dzunglica.com\/wordpress\/organizacija-svih-vrsta-proslava\/","title":{"rendered":"Organizacija svih vrsta proslava"},"content":{"rendered":"<div  class='column dt-sc-one-half   first' ><strong>ORGANIZACIJA KR\u0160TENJA, GODI\u0160NJICA, PROSLAVA UNUTAR FIRMI ILI OBELE\u017dAVANJE BILO KOG VAMA BITNOG DATUMA U \u017dIVOTU !!!<\/strong><\/p>\n<p>Dok se Va\u0161a deca ili deca Va\u0161ih zaposlenih igraju sa na\u0161im fantasti\u010dnim animatorkama istra\u017euju\u0107i zabavan i veliki lavirint ili dok uzivaju na poligonu uz takmi\u010darske igrice, smeh i \u0161alu, dok pobedjuju drugare u game room-u ili stonom fudbalu ili u\u017eivaju u diskoteci, Vi i Va\u0161i gosti mo\u017eete nesmetano u\u017eivati u muzici, pi\u0107u i hrani obele\u017eavaju\u0107i ili proslavljaju\u0107i Vama bitan datum.<\/p>\n<p>Mo\u017eemo Vam organizovati i POP ROCK BEND, tematsku zabavu, ma\u0111ioni\u010dare, klovnove, puno balona,&#8230; sve \u0161to Vi zamislite<\/p>\n<p>Kontaktirajte nas i realizova\u0107emo sve Va\u0161e \u017eelje!<\/p>\n<p><strong>Telefon : 065 228 0724<\/strong><\/p>\n<p><strong>Email : dzunglica.igraonica@gmail.com<\/strong><\/div>\n<div  class='column dt-sc-one-half   ' ><a href=\"https:\/\/dzunglica.com\/wordpress\/wp-content\/uploads\/2015\/01\/PC090382.jpg\"><img loading=\"lazy\" decoding=\"async\" class=\"alignnone size-large wp-image-827\" src=\"https:\/\/dzunglica.com\/wordpress\/wp-content\/uploads\/2015\/01\/PC090382-1024x768.jpg\" alt=\"Prostor za decu i animatore\" width=\"675\" height=\"506\" \/><\/a><\/div>\n","protected":false},"excerpt":{"rendered":"","protected":false},"author":1,"featured_media":0,"parent":0,"menu_order":0,"comment_status":"closed","ping_status":"closed","template":"","meta":{"footnotes":""},"class_list":["post-1086","page","type-page","status-publish","hentry"],"_links":{"self":[{"href":"https:\/\/dzunglica.com\/wordpress\/wp-json\/wp\/v2\/pages\/1086","targetHints":{"allow":["GET"]}}],"collection":[{"href":"https:\/\/dzunglica.com\/wordpress\/wp-json\/wp\/v2\/pages"}],"about":[{"href":"https:\/\/dzunglica.com\/wordpress\/wp-json\/wp\/v2\/types\/page"}],"author":[{"embeddable":true,"href":"https:\/\/dzunglica.com\/wordpress\/wp-json\/wp\/v2\/users\/1"}],"replies":[{"embeddable":true,"href":"https:\/\/dzunglica.com\/wordpress\/wp-json\/wp\/v2\/comments?post=1086"}],"version-history":[{"count":7,"href":"https:\/\/dzunglica.com\/wordpress\/wp-json\/wp\/v2\/pages\/1086\/revisions"}],"predecessor-version":[{"id":1100,"href":"https:\/\/dzunglica.com\/wordpress\/wp-json\/wp\/v2\/pages\/1086\/revisions\/1100"}],"wp:attachment":[{"href":"https:\/\/dzunglica.com\/wordpress\/wp-json\/wp\/v2\/media?parent=1086"}],"curies":[{"name":"wp","href":"https:\/\/api.w.org\/{rel}","templated":true}]}}