{"id":612,"date":"2013-11-22T14:27:41","date_gmt":"2013-11-22T14:27:41","guid":{"rendered":"http:\/\/wedesignthemes.com\/themes\/dummy-soulmedic\/?page_id=612"},"modified":"2019-06-07T13:09:03","modified_gmt":"2019-06-07T12:09:03","slug":"home-example-3","status":"publish","type":"page","link":"https:\/\/dzunglica.com\/wordpress\/","title":{"rendered":"Po\u010detna"},"content":{"rendered":"<img decoding=\"async\" class=\"alignnone wp-image-874\" src=\"https:\/\/dzunglica.com\/wordpress\/wp-content\/uploads\/2013\/11\/baner.jpg\" alt=\"baner\" width=\"1126\" srcset=\"https:\/\/dzunglica.com\/wordpress\/wp-content\/uploads\/2013\/11\/baner.jpg 940w, https:\/\/dzunglica.com\/wordpress\/wp-content\/uploads\/2013\/11\/baner-300x141.jpg 300w, https:\/\/dzunglica.com\/wordpress\/wp-content\/uploads\/2013\/11\/baner-420x199.jpg 420w, https:\/\/dzunglica.com\/wordpress\/wp-content\/uploads\/2013\/11\/baner-500x236.jpg 500w\" sizes=\"(max-width: 940px) 100vw, 940px\" \/>\n<div  class='dt-sc-callout-box type4 ' ><div class=\"column dt-sc-four-fifth first\"><h4>ORGANIZACIJA KR\u0160TENJA, GODI\u0160NJICA, PROSLAVA UNUTAR FIRMI<\/h4>\n<h5>ILI OBELE\u017dAVANJE BILO KOG VAMA BITNOG DATUMA U \u017dIVOTU !!!<\/h5><\/div><div class=\"column dt-sc-one-fifth\"><a href='https:\/\/dzunglica.com\/wordpress\/organizacija-svih-vrsta-proslava\/' class='dt-sc-button medium' target='_new'>Op\u0161irnije<\/a><\/div><\/div>\n<div  class='column dt-sc-one-third no-space  first' ><div class='dt-sc-colored-box space'  style='background:#009000;' ><h5>Budite u toku!<\/h5><div style=\"height: 270px;\">\n<p>Pratite nas na Facebook-u i budite obave\u0161teni o svim de\u0161avanjima i popustima u D\u017eunglici\n<iframe loading=\"lazy\" style=\"border: none; overflow: hidden; width: 95%; height: 208px; background-color: #fff; margin-top: 10px;\" src=\"\/\/www.facebook.com\/plugins\/likebox.php?href=https%3A%2F%2Fwww.facebook.com%2FIgraonicaZemun&amp;width=250&amp;height=258&amp;colorscheme=light&amp;show_faces=true&amp;header=false&amp;stream=false&amp;show_border=false&amp;appId=298765666994287\" width=\"300\" height=\"150\" frameborder=\"0\" scrolling=\"no\"><\/iframe><\/p>\n<\/div><\/div><\/div>\n<div  class='column dt-sc-one-third no-space  ' ><div class='dt-sc-colored-box space'  style='background:#009000;' ><h5>Za\u0161to Igraonica D\u017eunglica?<\/h5><div style=\"height: auto;\">\n<p><strong>Organizujte de\u010diji ro\u0111endan sa nama jer:<\/strong><\/p>\n<ul>\n<li>Imamo najbolje all inclusive pakete za proslavu rodjendana<\/li>\n<li>Nudimo odli\u010dnu zabavu, cene, ambijent i usluge<\/li>\n<li>Imamo fantasti\u010dnu profesionalnu animaciju pa su nam ro\u0111endani za pam\u0107enje!<\/li>\n<\/ul>\n<p>Pored ro\u0111endana organizujemo i namenske proslave: kr\u0161tenja, godi\u0161njice, mature ili proslava bilo kog Vama bitnog datuma, organizujemo pozori\u0161ne predstave za decu, pravimo tematske dane u kojima deca u\u017eivaju uz igru, pesmu, \u0161alu, interaktivne igre, takmi\u010denja, folklor, ples, sport, predstave&#8230;\n<a href='\/wordpress\/decija-igraonica-zemun\/' target='_self'  class='dt-sc-button   small ' >Uverite se<\/a>\n<\/div><\/div><\/div>\n<div  class='column dt-sc-one-third no-space  ' ><div class='dt-sc-colored-box space'  style='background:#ed7a22;' ><h5>Novo u D\u017eunglici<\/h5><div id=\"treca\" style=\"height: 250px;\"><div class=\"column dt-sc-one-column blog-fullwidth first\"><article class='postid- 1072 author- Dzunglica format- blog-entry'>\t<div class=\"blog-entry-inner\">\t\t<div class=\"entry-meta\">\t\t\t<a href='https:\/\/dzunglica.com\/wordpress\/letnja-akcija-2020\/' class='entry_format'><\/a>\t\t\t<div class=\"date\"><p>Jun 18 <span> 2020<\/span><\/p><\/div>\t\t\t<a href='https:\/\/dzunglica.com\/wordpress\/letnja-akcija-2020\/#respond' class='comments'><span class='fa fa-comments'> <\/span> 0<\/a>\t\t<\/div>\t\t<div class=\"entry-thumb\"><a href='https:\/\/dzunglica.com\/wordpress\/letnja-akcija-2020\/'><img loading=\"lazy\" decoding=\"async\" width=\"980\" height=\"465\" src=\"https:\/\/dzunglica.com\/wordpress\/wp-content\/uploads\/2019\/06\/6dsl_046w_181128-980x465.jpg\" class=\"attachment-dt-blog-one-column size-dt-blog-one-column wp-post-image\" alt=\"\" srcset=\"https:\/\/dzunglica.com\/wordpress\/wp-content\/uploads\/2019\/06\/6dsl_046w_181128-980x465.jpg 980w, https:\/\/dzunglica.com\/wordpress\/wp-content\/uploads\/2019\/06\/6dsl_046w_181128-710x337.jpg 710w, https:\/\/dzunglica.com\/wordpress\/wp-content\/uploads\/2019\/06\/6dsl_046w_181128-439x209.jpg 439w, https:\/\/dzunglica.com\/wordpress\/wp-content\/uploads\/2019\/06\/6dsl_046w_181128-420x199.jpg 420w\" sizes=\"auto, (max-width: 980px) 100vw, 980px\" \/><\/a>\t\t<\/div>\t\t<div class=\"entry-details\">\t\t\t<div class=\"entry-title\"><h4><a href=\"https:\/\/dzunglica.com\/wordpress\/letnja-akcija-2020\/\">LETNJA AKCIJA 2020<\/a><\/h4><\/div>\t\t\t<div class=\"entry-metadata\">\t\t\t\t<p class='author'><span class='fa fa-user'> <\/span><a href='Dzunglica'>Dzunglica<\/a><\/p>\t\t\t<\/div><!-- .entry-metadata -->\t\t\t<div class=\"entry-body\">NA PREOSTALE TERMINE U JULU I AVGUSTU Proslavite rodjendan u&hellip;\t\t\t<\/div>\t \t\t<a href='https:\/\/dzunglica.com\/wordpress\/letnja-akcija-2020\/' class='dt-sc-button small read-more'> Op\u0161irnije <span class='fa fa-angle-double-right'> <\/span><\/a>\t\t<\/div>\t<\/div><\/article><\/div><div class=\"column dt-sc-one-column blog-fullwidth first\"><article class='postid- 1108 author- Dzunglica format- blog-entry'>\t<div class=\"blog-entry-inner\">\t\t<div class=\"entry-meta\">\t\t\t<a href='https:\/\/dzunglica.com\/wordpress\/novogodisnja-magija-2018\/' class='entry_format'><\/a>\t\t\t<div class=\"date\"><p>Nov 15 <span> 2018<\/span><\/p><\/div>\t\t\t<a href='https:\/\/dzunglica.com\/wordpress\/novogodisnja-magija-2018\/#respond' class='comments'><span class='fa fa-comments'> <\/span> 0<\/a>\t\t<\/div>\t\t<div class=\"entry-thumb\"><a href='https:\/\/dzunglica.com\/wordpress\/novogodisnja-magija-2018\/'><img loading=\"lazy\" decoding=\"async\" width=\"762\" height=\"457\" src=\"https:\/\/dzunglica.com\/wordpress\/wp-content\/uploads\/2017\/11\/nova-godina-u-Dzunglici-2019.jpg\" class=\"attachment-dt-blog-one-column size-dt-blog-one-column wp-post-image\" alt=\"\" srcset=\"https:\/\/dzunglica.com\/wordpress\/wp-content\/uploads\/2017\/11\/nova-godina-u-Dzunglici-2019.jpg 762w, https:\/\/dzunglica.com\/wordpress\/wp-content\/uploads\/2017\/11\/nova-godina-u-Dzunglici-2019-300x180.jpg 300w, https:\/\/dzunglica.com\/wordpress\/wp-content\/uploads\/2017\/11\/nova-godina-u-Dzunglici-2019-500x300.jpg 500w\" sizes=\"auto, (max-width: 762px) 100vw, 762px\" \/><\/a>\t\t<\/div>\t\t<div class=\"entry-details\">\t\t\t<div class=\"entry-title\"><h4><a href=\"https:\/\/dzunglica.com\/wordpress\/novogodisnja-magija-2018\/\">Novogodi\u0161nja magija 2018<\/a><\/h4><\/div>\t\t\t<div class=\"entry-metadata\">\t\t\t\t<p class='author'><span class='fa fa-user'> <\/span><a href='Dzunglica'>Dzunglica<\/a><\/p>\t\t\t<\/div><!-- .entry-metadata -->\t\t\t<div class=\"entry-body\">Dragi na\u0161i roditelji, Za va\u0161e mali\u0161ane a na\u0161e drugare smo&hellip;\t\t\t<\/div>\t \t\t<a href='https:\/\/dzunglica.com\/wordpress\/novogodisnja-magija-2018\/' class='dt-sc-button small read-more'> Op\u0161irnije <span class='fa fa-angle-double-right'> <\/span><\/a>\t\t<\/div>\t<\/div><\/article><\/div><div class=\"column dt-sc-one-column blog-fullwidth first\"><article class='postid- 1196 author- Dzunglica format- blog-entry'>\t<div class=\"blog-entry-inner\">\t\t<div class=\"entry-meta\">\t\t\t<a href='https:\/\/dzunglica.com\/wordpress\/nova-godina-2019\/' class='entry_format'><\/a>\t\t\t<div class=\"date\"><p>Oct 29 <span> 2018<\/span><\/p><\/div>\t\t\t<a href='https:\/\/dzunglica.com\/wordpress\/nova-godina-2019\/#respond' class='comments'><span class='fa fa-comments'> <\/span> 0<\/a>\t\t<\/div>\t\t<div class=\"entry-thumb\"><a href='https:\/\/dzunglica.com\/wordpress\/nova-godina-2019\/'><img loading=\"lazy\" decoding=\"async\" width=\"980\" height=\"465\" src=\"https:\/\/dzunglica.com\/wordpress\/wp-content\/uploads\/2017\/11\/1429033F-441F-49D3-8461-091E38622AAF-1024x683-980x465.jpeg\" class=\"attachment-dt-blog-one-column size-dt-blog-one-column wp-post-image\" alt=\"\" srcset=\"https:\/\/dzunglica.com\/wordpress\/wp-content\/uploads\/2017\/11\/1429033F-441F-49D3-8461-091E38622AAF-1024x683-980x465.jpeg 980w, https:\/\/dzunglica.com\/wordpress\/wp-content\/uploads\/2017\/11\/1429033F-441F-49D3-8461-091E38622AAF-1024x683-710x337.jpeg 710w, https:\/\/dzunglica.com\/wordpress\/wp-content\/uploads\/2017\/11\/1429033F-441F-49D3-8461-091E38622AAF-1024x683-439x209.jpeg 439w, https:\/\/dzunglica.com\/wordpress\/wp-content\/uploads\/2017\/11\/1429033F-441F-49D3-8461-091E38622AAF-1024x683-420x199.jpeg 420w\" sizes=\"auto, (max-width: 980px) 100vw, 980px\" \/><\/a>\t\t<\/div>\t\t<div class=\"entry-details\">\t\t\t<div class=\"entry-title\"><h4><a href=\"https:\/\/dzunglica.com\/wordpress\/nova-godina-2019\/\">NOVOGODI\u0160NJA \u010cAROLIJA U D\u017dUNGLICI &#8211; ponuda za firme<\/a><\/h4><\/div>\t\t\t<div class=\"entry-metadata\">\t\t\t\t<p class='author'><span class='fa fa-user'> <\/span><a href='Dzunglica'>Dzunglica<\/a><\/p>\t\t\t<\/div><!-- .entry-metadata -->\t\t\t<div class=\"entry-body\">Uskoro nam sti\u017ee Nova Godina!!! Mi smo i ove godine&hellip;\t\t\t<\/div>\t \t\t<a href='https:\/\/dzunglica.com\/wordpress\/nova-godina-2019\/' class='dt-sc-button small read-more'> Op\u0161irnije <span class='fa fa-angle-double-right'> <\/span><\/a>\t\t<\/div>\t<\/div><\/article><\/div><\/div><\/div><\/div>\n<div class=\"dt-sc-clear\"><\/div>\n","protected":false},"excerpt":{"rendered":"","protected":false},"author":1,"featured_media":874,"parent":206,"menu_order":0,"comment_status":"open","ping_status":"closed","template":"tpl-home.php","meta":{"footnotes":""},"class_list":["post-612","page","type-page","status-publish","has-post-thumbnail","hentry"],"_links":{"self":[{"href":"https:\/\/dzunglica.com\/wordpress\/wp-json\/wp\/v2\/pages\/612","targetHints":{"allow":["GET"]}}],"collection":[{"href":"https:\/\/dzunglica.com\/wordpress\/wp-json\/wp\/v2\/pages"}],"about":[{"href":"https:\/\/dzunglica.com\/wordpress\/wp-json\/wp\/v2\/types\/page"}],"author":[{"embeddable":true,"href":"https:\/\/dzunglica.com\/wordpress\/wp-json\/wp\/v2\/users\/1"}],"replies":[{"embeddable":true,"href":"https:\/\/dzunglica.com\/wordpress\/wp-json\/wp\/v2\/comments?post=612"}],"version-history":[{"count":12,"href":"https:\/\/dzunglica.com\/wordpress\/wp-json\/wp\/v2\/pages\/612\/revisions"}],"predecessor-version":[{"id":1807,"href":"https:\/\/dzunglica.com\/wordpress\/wp-json\/wp\/v2\/pages\/612\/revisions\/1807"}],"up":[{"embeddable":true,"href":"https:\/\/dzunglica.com\/wordpress\/wp-json\/wp\/v2\/pages\/206"}],"wp:featuredmedia":[{"embeddable":true,"href":"https:\/\/dzunglica.com\/wordpress\/wp-json\/wp\/v2\/media\/874"}],"wp:attachment":[{"href":"https:\/\/dzunglica.com\/wordpress\/wp-json\/wp\/v2\/media?parent=612"}],"curies":[{"name":"wp","href":"https:\/\/api.w.org\/{rel}","templated":true}]}}